{"id":223425,"date":"2020-08-02T02:04:27","date_gmt":"2020-08-02T00:04:27","guid":{"rendered":"https:\/\/www.planetachile.com\/les-videos\/"},"modified":"2021-04-10T00:39:23","modified_gmt":"2021-04-09T22:39:23","slug":"videos","status":"publish","type":"page","link":"https:\/\/planetachile.com\/es\/videos\/","title":{"rendered":"Videos"},"content":{"rendered":"<p>[et_pb_section fb_built=&#8221;1&#8243; _builder_version=&#8221;4.1&#8243; background_image=&#8221;https:\/\/planetachile.com\/wp-content\/uploads\/2020\/06\/38-Claude-tjs-en-action-produisant-son-grand-reportage-du-voyage-\u00a9bernard@escaich.com_.jpg&#8221; custom_margin_tablet=&#8221;||-11px||false|false&#8221; custom_margin_phone=&#8221;||-23px||false|false&#8221; custom_margin_last_edited=&#8221;on|desktop&#8221; filter_saturate=&#8221;124%&#8221; background_last_edited=&#8221;on|phone&#8221; box_shadow_style=&#8221;preset3&#8243; box_shadow_vertical=&#8221;3px&#8221; box_shadow_blur=&#8221;10px&#8221; box_shadow_spread=&#8221;4px&#8221; box_shadow_vertical_tablet=&#8221;&#8221; box_shadow_vertical_phone=&#8221;&#8221; box_shadow_vertical_last_edited=&#8221;on|desktop&#8221; locked=&#8221;off&#8221;][et_pb_row _builder_version=&#8221;4.1&#8243; background_color_phone=&#8221;rgba(0,0,0,0)&#8221; background_last_edited=&#8221;on|phone&#8221; background_enable_color_phone=&#8221;on&#8221; custom_css_main_element_last_edited=&#8221;on|phone&#8221; custom_css_main_element_phone=&#8221;background: none !important;&#8221;][et_pb_column type=&#8221;4_4&#8243; _builder_version=&#8221;4.1&#8243;][et_pb_text _builder_version=&#8221;4.1&#8243; text_text_color=&#8221;#ffffff&#8221; header_font=&#8221;Open Sans|300|||||||&#8221; header_text_color=&#8221;#ffffff&#8221; header_font_size=&#8221;80px&#8221; custom_margin=&#8221;82px||82px||true|false&#8221; custom_margin_tablet=&#8221;20px||20px||true|false&#8221; custom_margin_phone=&#8221;-7px||-7px||true|false&#8221; custom_margin_last_edited=&#8221;on|desktop&#8221; header_font_size_tablet=&#8221;52px&#8221; header_font_size_phone=&#8221;40px&#8221; header_font_size_last_edited=&#8221;on|phone&#8221; background_last_edited=&#8221;on|desktop&#8221; background_enable_color_phone=&#8221;off&#8221; header_text_shadow_style=&#8221;preset2&#8243; header_text_shadow_horizontal_length=&#8221;-0.01em&#8221; header_text_shadow_vertical_length=&#8221;0.06em&#8221; header_text_shadow_blur_strength=&#8221;0.11em&#8221; header_text_shadow_color=&#8221;#000000&#8243;]<\/p>\n<h1 style=\"text-align: center;\">Videos<\/h1>\n<p>[\/et_pb_text][\/et_pb_column][\/et_pb_row][\/et_pb_section][et_pb_section fb_built=&#8221;1&#8243; _builder_version=&#8221;4.1&#8243;][et_pb_row use_custom_gutter=&#8221;on&#8221; gutter_width=&#8221;1&#8243; _builder_version=&#8221;4.1&#8243; custom_margin_tablet=&#8221;&#8221; custom_margin_phone=&#8221;&#8221; custom_margin_last_edited=&#8221;on|phone&#8221;][et_pb_column type=&#8221;4_4&#8243; _builder_version=&#8221;4.1&#8243; custom_padding=&#8221;||||false|false&#8221; custom_padding_tablet=&#8221;&#8221; custom_padding_phone=&#8221;|||19px|false|false&#8221; custom_padding_last_edited=&#8221;on|phone&#8221; custom_css_main_element=&#8221;align-content:center;&#8221; custom_css_main_element_last_edited=&#8221;on|phone&#8221;][et_pb_text _builder_version=&#8221;4.1&#8243; text_font=&#8221;||||||||&#8221; text_font_size=&#8221;20px&#8221; text_line_height=&#8221;1.4em&#8221; header_font=&#8221;||||||||&#8221; min_height=&#8221;87px&#8221; custom_margin=&#8221;||20px||false|false&#8221; custom_margin_tablet=&#8221;||5px||false|false&#8221; custom_margin_phone=&#8221;||0px||false|false&#8221; custom_margin_last_edited=&#8221;on|desktop&#8221; custom_padding=&#8221;2px|||||&#8221; custom_padding_tablet=&#8221;2px||22px|||&#8221; custom_padding_phone=&#8221;|15px||15px|false|true&#8221; custom_padding_last_edited=&#8221;on|desktop&#8221; text_font_size_tablet=&#8221;&#8221; text_font_size_phone=&#8221;18px&#8221; text_font_size_last_edited=&#8221;on|phone&#8221; locked=&#8221;off&#8221;]<\/p>\n<h1><span>Viaje al para\u00edso de los astr\u00f3nomos &#8211; 2015<\/span><\/h1>\n<p>Santiago, Eso Paranal, San Pedro de Atacama, ALMA, Lagunas Altipl\u00e1nicas, Observaci\u00f3n del Cielo, Salares Pujsa y Tara, G\u00e9iseres del Tatio, Ba\u00f1os Termales de Puritama, Valle de la Luna, Mina Chuquicamata, Reserva de la Biosfera Ping\u00fcino Humboldt, ESO La Silla, Valpara\u00edso y la Cordillera de los Andes, el todo visto por el coraz\u00f3n, el talento y la generosidad de Fran\u00e7oise &amp; Daniel Descout.<br \/> <span style=\"font-size: medium;\">\u00a9Fran\u00e7oise y Daniel Descout 2015<\/span><\/p>\n<p>[\/et_pb_text][et_pb_video src=&#8221;https:\/\/youtu.be\/HDitTnY5lxQ&#8221; _builder_version=&#8221;4.1&#8243;][\/et_pb_video][\/et_pb_column][\/et_pb_row][et_pb_row _builder_version=&#8221;4.1&#8243; custom_margin=&#8221;72px||||false|false&#8221;][et_pb_column type=&#8221;4_4&#8243; _builder_version=&#8221;4.1&#8243;][et_pb_text _builder_version=&#8221;4.1&#8243; text_font=&#8221;||||||||&#8221; text_font_size=&#8221;20px&#8221; text_line_height=&#8221;1.4em&#8221; header_font=&#8221;||||||||&#8221; min_height=&#8221;87px&#8221; custom_margin=&#8221;||20px||false|false&#8221; custom_margin_tablet=&#8221;||5px||false|false&#8221; custom_margin_phone=&#8221;||0px||false|false&#8221; custom_margin_last_edited=&#8221;on|desktop&#8221; custom_padding=&#8221;2px|||||&#8221; custom_padding_tablet=&#8221;2px||22px|||&#8221; custom_padding_phone=&#8221;|15px||15px|false|true&#8221; custom_padding_last_edited=&#8221;on|desktop&#8221; text_font_size_tablet=&#8221;&#8221; text_font_size_phone=&#8221;18px&#8221; text_font_size_last_edited=&#8221;on|phone&#8221; locked=&#8221;off&#8221;]<\/p>\n<h1><span>Viaje de AFA 2017 al Eclipse Anular en Patagonia y al Desierto de Atacama <\/span><\/h1>\n<p>Claude fue una locomotora de energ\u00eda durante todo el viaje, el primero en saltar fuera del minib\u00fas con su c\u00e1mara y tr\u00edpode en mano y el \u00faltimo en volver a subirse, siempre en busca de lo m\u00e1s destacado y con una sonrisa que nos irradiaba (junto a la de Lise) desde Santiago a Valpara\u00edso, pasando por la Patagonia y el desierto de Atacama.\u00a0Gracias, muchas gracias a ti tambi\u00e9n cher Claude, merci amigo.<br \/> <span style=\"font-size: medium;\">Por \u00a9Claude Gaisne 2017<\/span><\/p>\n<p>[\/et_pb_text][et_pb_video src=&#8221;https:\/\/youtu.be\/aEBaWszI9VE&#8221; _builder_version=&#8221;4.1&#8243;][\/et_pb_video][et_pb_video src=&#8221;https:\/\/youtu.be\/rBEpLP3qoQE&#8221; _builder_version=&#8221;4.1&#8243;][\/et_pb_video][et_pb_video src=&#8221;https:\/\/youtu.be\/HdaubAHsUSM&#8221; _builder_version=&#8221;4.1&#8243;][\/et_pb_video][\/et_pb_column][\/et_pb_row][et_pb_row _builder_version=&#8221;4.1&#8243; custom_margin=&#8221;72px||||false|false&#8221;][et_pb_column type=&#8221;4_4&#8243; _builder_version=&#8221;4.1&#8243;][et_pb_text _builder_version=&#8221;4.1&#8243; text_font=&#8221;||||||||&#8221; text_font_size=&#8221;20px&#8221; text_line_height=&#8221;1.4em&#8221; header_font=&#8221;||||||||&#8221; min_height=&#8221;87px&#8221; custom_margin=&#8221;||20px||false|false&#8221; custom_margin_tablet=&#8221;||5px||false|false&#8221; custom_margin_phone=&#8221;||0px||false|false&#8221; custom_margin_last_edited=&#8221;on|desktop&#8221; custom_padding=&#8221;2px|||||&#8221; custom_padding_tablet=&#8221;2px||22px|||&#8221; custom_padding_phone=&#8221;|15px||15px|false|true&#8221; custom_padding_last_edited=&#8221;on|desktop&#8221; text_font_size_tablet=&#8221;&#8221; text_font_size_phone=&#8221;18px&#8221; text_font_size_last_edited=&#8221;on|phone&#8221; locked=&#8221;off&#8221;]<\/p>\n<h1><span>Momento m\u00e1gico eclipse solar total Valle del Elqui Chile &#8211; 2019<\/span><\/h1>\n<p>La atm\u00f3sfera ambiente en el grupo AFA Eclipse 2019 capturada por Eliane. Gracias querida !<br \/> <span style=\"font-size: medium;\">Por \u00a9Eliane le Foll 2019<\/span><\/p>\n<p>[\/et_pb_text][et_pb_video src=&#8221;https:\/\/youtu.be\/XO9P1UzKYYI&#8221; _builder_version=&#8221;4.1&#8243;][\/et_pb_video][\/et_pb_column][\/et_pb_row][et_pb_row _builder_version=&#8221;4.1&#8243; custom_margin=&#8221;72px||||false|false&#8221;][et_pb_column type=&#8221;4_4&#8243; _builder_version=&#8221;4.1&#8243;][et_pb_text _builder_version=&#8221;4.1&#8243; text_font=&#8221;||||||||&#8221; text_font_size=&#8221;20px&#8221; text_line_height=&#8221;1.4em&#8221; header_font=&#8221;||||||||&#8221; min_height=&#8221;87px&#8221; custom_margin=&#8221;||20px||false|false&#8221; custom_margin_tablet=&#8221;||5px||false|false&#8221; custom_margin_phone=&#8221;||0px||false|false&#8221; custom_margin_last_edited=&#8221;on|desktop&#8221; custom_padding=&#8221;2px|||||&#8221; custom_padding_tablet=&#8221;2px||22px|||&#8221; custom_padding_phone=&#8221;|15px||15px|false|true&#8221; custom_padding_last_edited=&#8221;on|desktop&#8221; text_font_size_tablet=&#8221;&#8221; text_font_size_phone=&#8221;18px&#8221; text_font_size_last_edited=&#8221;on|phone&#8221; locked=&#8221;off&#8221;]<\/p>\n<h1><span>Time Lapse Eclipse Solar Total AFA Vicu\u00f1a Chile 2019 <\/span><\/h1>\n<p><span>\u00a0<\/span><br \/> <span style=\"font-size: medium;\">Por \u00a9 Olivier Zuntini 2019, gu\u00eda cient\u00edfica AFA<\/span><\/p>\n<p>[\/et_pb_text][et_pb_video src=&#8221;https:\/\/youtu.be\/9YKTtiruP1A&#8221; _builder_version=&#8221;4.1&#8243;][\/et_pb_video][\/et_pb_column][\/et_pb_row][et_pb_row _builder_version=&#8221;4.1&#8243; custom_margin=&#8221;72px||||false|false&#8221;][et_pb_column type=&#8221;4_4&#8243; _builder_version=&#8221;4.1&#8243;][et_pb_text _builder_version=&#8221;4.1&#8243; text_font=&#8221;||||||||&#8221; text_font_size=&#8221;20px&#8221; text_line_height=&#8221;1.4em&#8221; header_font=&#8221;||||||||&#8221; min_height=&#8221;87px&#8221; custom_margin=&#8221;||20px||false|false&#8221; custom_margin_tablet=&#8221;||5px||false|false&#8221; custom_margin_phone=&#8221;||0px||false|false&#8221; custom_margin_last_edited=&#8221;on|desktop&#8221; custom_padding=&#8221;2px|||||&#8221; custom_padding_tablet=&#8221;2px||22px|||&#8221; custom_padding_phone=&#8221;|15px||15px|false|true&#8221; custom_padding_last_edited=&#8221;on|desktop&#8221; text_font_size_tablet=&#8221;&#8221; text_font_size_phone=&#8221;18px&#8221; text_font_size_last_edited=&#8221;on|phone&#8221; locked=&#8221;off&#8221;]<\/p>\n<h1><span>Viaje AFA Eclipse Solar Total &amp; Atacama Chile 2019<\/span><\/h1>\n<p>Fran\u00e7oise y Daniel Descout una vez mas tuvieron la generosidad de compartir con nosotros su percepci\u00f3n de nuestro viaje.\u00a0Gracias amigos, muy queridos, qu\u00e9 talento!, muchas gracias.\u00a0<br \/>Santiago, La Serena, Observatorio Interamericano Cerro Tololo, Costa Pac\u00edfico en Punta de Choros, Valle del Elqui, eclipse solar total en Vicu\u00f1a, San Pedro de Atacama, ALMA, Socaire, Valle de la Luna, Observaci\u00f3n del cielo, l &#8216; Altiplano y Salar de Aguas Calientes, Observatorio Paranal de ESO, Valpara\u00edso.<br \/> <span style=\"font-size: medium;\">Por \u00a9Fran\u00e7oise &amp; Daniel Descout 2019<\/span><\/p>\n<p>[\/et_pb_text][et_pb_video src=&#8221;https:\/\/youtu.be\/iLGZVu_ubqA&#8221; _builder_version=&#8221;4.1&#8243;][\/et_pb_video][et_pb_video src=&#8221;https:\/\/youtu.be\/xpjzDc-hgX8&#8243; _builder_version=&#8221;4.1&#8243;][\/et_pb_video][et_pb_text _builder_version=&#8221;4.1&#8243; text_font=&#8221;||||||||&#8221; text_font_size=&#8221;20px&#8221; text_line_height=&#8221;1.4em&#8221; header_font=&#8221;||||||||&#8221; min_height=&#8221;87px&#8221; custom_margin=&#8221;||20px||false|false&#8221; custom_margin_tablet=&#8221;||5px||false|false&#8221; custom_margin_phone=&#8221;||0px||false|false&#8221; custom_margin_last_edited=&#8221;on|desktop&#8221; custom_padding=&#8221;42px||||false|false&#8221; custom_padding_tablet=&#8221;2px||22px|||&#8221; custom_padding_phone=&#8221;|15px||15px|false|true&#8221; custom_padding_last_edited=&#8221;on|desktop&#8221; text_font_size_tablet=&#8221;&#8221; text_font_size_phone=&#8221;18px&#8221; text_font_size_last_edited=&#8221;on|phone&#8221; locked=&#8221;off&#8221;]<\/p>\n<h1><span>EL grupo AFA 2015 escoltado por\u00a0las ballenas (por Philippe Filliatre) <\/span><\/h1>\n<p>Navegando por el Pacifico con el grupo AFA 2015 \u00e0 travers de la Reserva Nacional Pinguino de Humboldt en Punta de Choros, de repente la gu\u00eda nos ordena silencio, paramos de hablar y luego, cuando las vimos aparecer y soplar, paramos de respirar. Silencio absoluto. Dos ballenas jorobadas y una Minke justo al lado nuestro. Nos saludaron y acompa\u00f1aron durante cinco inolvidables minutos, Gracias a la Vida, Merci Philippe !<\/p>\n<p>[\/et_pb_text][et_pb_video src=&#8221;https:\/\/youtu.be\/gLL4CHkwuro&#8221; _builder_version=&#8221;4.1&#8243;][\/et_pb_video][\/et_pb_column][\/et_pb_row][\/et_pb_section]<\/p>\n","protected":false},"excerpt":{"rendered":"<p>VideosViaje al para\u00edso de los astr\u00f3nomos &#8211; 2015 Santiago, Eso Paranal, San Pedro de Atacama, ALMA, Lagunas Altipl\u00e1nicas, Observaci\u00f3n del Cielo, Salares Pujsa y Tara, G\u00e9iseres del Tatio, Ba\u00f1os Termales de Puritama, Valle de la Luna, Mina Chuquicamata, Reserva de la Biosfera Ping\u00fcino Humboldt, ESO La Silla, Valpara\u00edso y la Cordillera de los Andes, el [&hellip;]<\/p>\n","protected":false},"author":2,"featured_media":0,"parent":0,"menu_order":0,"comment_status":"closed","ping_status":"closed","template":"","meta":{"_et_pb_use_builder":"on","_et_pb_old_content":"","_et_gb_content_width":"","footnotes":""},"class_list":["post-223425","page","type-page","status-publish","hentry"],"aioseo_notices":[],"_links":{"self":[{"href":"https:\/\/planetachile.com\/es\/wp-json\/wp\/v2\/pages\/223425","targetHints":{"allow":["GET"]}}],"collection":[{"href":"https:\/\/planetachile.com\/es\/wp-json\/wp\/v2\/pages"}],"about":[{"href":"https:\/\/planetachile.com\/es\/wp-json\/wp\/v2\/types\/page"}],"author":[{"embeddable":true,"href":"https:\/\/planetachile.com\/es\/wp-json\/wp\/v2\/users\/2"}],"replies":[{"embeddable":true,"href":"https:\/\/planetachile.com\/es\/wp-json\/wp\/v2\/comments?post=223425"}],"version-history":[{"count":4,"href":"https:\/\/planetachile.com\/es\/wp-json\/wp\/v2\/pages\/223425\/revisions"}],"predecessor-version":[{"id":223431,"href":"https:\/\/planetachile.com\/es\/wp-json\/wp\/v2\/pages\/223425\/revisions\/223431"}],"wp:attachment":[{"href":"https:\/\/planetachile.com\/es\/wp-json\/wp\/v2\/media?parent=223425"}],"curies":[{"name":"wp","href":"https:\/\/api.w.org\/{rel}","templated":true}]}}