{"id":223401,"date":"2020-06-16T04:32:31","date_gmt":"2020-06-16T02:32:31","guid":{"rendered":"https:\/\/www.planetachile.com\/voyage-2016\/"},"modified":"2021-04-10T00:15:45","modified_gmt":"2021-04-09T22:15:45","slug":"viaje-de-2016","status":"publish","type":"page","link":"https:\/\/planetachile.com\/es\/viaje-de-2016\/","title":{"rendered":"Viaje de 2016"},"content":{"rendered":"<p>[et_pb_section fb_built=&#8221;1&#8243; _builder_version=&#8221;4.1&#8243; background_image=&#8221;https:\/\/planetachile.com\/wp-content\/uploads\/2020\/06\/7-Le-22cerro22-El-Paranal-et-le-VLT-vus-du-portail-dentre\u0301e-de-lobservatoire-photo-Andy-Strappazzon-du-groupe-AFA-Astroclub-Vega-2016.jpg&#8221; background_position=&#8221;center_left&#8221; filter_saturate=&#8221;124%&#8221; background_last_edited=&#8221;on|phone&#8221; box_shadow_style=&#8221;preset3&#8243; box_shadow_vertical=&#8221;3px&#8221; box_shadow_blur=&#8221;10px&#8221; box_shadow_spread=&#8221;4px&#8221; box_shadow_vertical_tablet=&#8221;&#8221; box_shadow_vertical_phone=&#8221;&#8221; box_shadow_vertical_last_edited=&#8221;on|desktop&#8221; locked=&#8221;off&#8221;][et_pb_row _builder_version=&#8221;4.1&#8243; background_color_phone=&#8221;rgba(0,0,0,0)&#8221; background_last_edited=&#8221;on|phone&#8221; background_enable_color_phone=&#8221;on&#8221; custom_css_main_element_last_edited=&#8221;on|phone&#8221; custom_css_main_element_phone=&#8221;background: none !important;&#8221;][et_pb_column type=&#8221;4_4&#8243; _builder_version=&#8221;4.1&#8243;][et_pb_text _builder_version=&#8221;4.1&#8243; text_text_color=&#8221;#ffffff&#8221; header_font=&#8221;Open Sans|300|||||||&#8221; header_text_color=&#8221;#ffffff&#8221; header_font_size=&#8221;80px&#8221; custom_margin=&#8221;150px||150px||true|false&#8221; custom_margin_tablet=&#8221;100px||100px||true|false&#8221; custom_margin_phone=&#8221;50px||50px||true|false&#8221; custom_margin_last_edited=&#8221;on|tablet&#8221; header_font_size_tablet=&#8221;52px&#8221; header_font_size_phone=&#8221;40px&#8221; header_font_size_last_edited=&#8221;on|phone&#8221; background_last_edited=&#8221;on|desktop&#8221; background_enable_color_phone=&#8221;off&#8221; header_text_shadow_style=&#8221;preset2&#8243; header_text_shadow_horizontal_length=&#8221;-0.01em&#8221; header_text_shadow_vertical_length=&#8221;0.06em&#8221; header_text_shadow_blur_strength=&#8221;0.11em&#8221; header_text_shadow_color=&#8221;#000000&#8243;]<\/p>\n<h1 style=\"text-align: center;\">Le voyage de 2016<\/h1>\n<h2 style=\"text-align: center;\"><span style=\"color: #ffffff;\">Groupes A.F.A. &amp; AstroClub V\u00e9ga<\/span><\/h2>\n<p>[\/et_pb_text][\/et_pb_column][\/et_pb_row][\/et_pb_section][et_pb_section fb_built=&#8221;1&#8243; _builder_version=&#8221;4.1&#8243;][et_pb_row use_custom_gutter=&#8221;on&#8221; gutter_width=&#8221;1&#8243; _builder_version=&#8221;4.1&#8243; custom_margin=&#8221;|auto||auto|false|false&#8221; custom_margin_tablet=&#8221;&#8221; custom_margin_phone=&#8221;|||auto|false|false&#8221; custom_margin_last_edited=&#8221;on|phone&#8221;][et_pb_column type=&#8221;4_4&#8243; _builder_version=&#8221;4.1&#8243; custom_padding=&#8221;||||false|false&#8221; custom_padding_tablet=&#8221;&#8221; custom_padding_phone=&#8221;|||19px|false|false&#8221; custom_padding_last_edited=&#8221;on|phone&#8221; custom_css_main_element=&#8221;align-content:center;&#8221; custom_css_main_element_last_edited=&#8221;on|phone&#8221;][et_pb_text _builder_version=&#8221;4.1&#8243; text_font=&#8221;||||||||&#8221; text_font_size=&#8221;20px&#8221; text_line_height=&#8221;1.4em&#8221; header_font=&#8221;||||||||&#8221; min_height=&#8221;87px&#8221; custom_margin=&#8221;||17px||false|false&#8221; custom_margin_tablet=&#8221;||-5px||false|false&#8221; custom_margin_phone=&#8221;||-11px||false|false&#8221; custom_margin_last_edited=&#8221;on|desktop&#8221; custom_padding=&#8221;2px|||||&#8221; custom_padding_tablet=&#8221;2px||22px|||&#8221; custom_padding_phone=&#8221;|15px||15px|false|true&#8221; custom_padding_last_edited=&#8221;on|desktop&#8221; text_font_size_tablet=&#8221;&#8221; text_font_size_phone=&#8221;18px&#8221; text_font_size_last_edited=&#8221;on|phone&#8221; locked=&#8221;off&#8221;]<span>Toutes les images ci dessous on \u00e9t\u00e9 r\u00e9alis\u00e9es\u00a0par les participants de ce voyage. <\/span><br \/>\n<span>Elles sont bien s\u00fbr publi\u00e9es avec leur aimable autorisation.<br \/>\n<span style=\"font-size: medium;\">En mode zoom vous pouvez naviguer avec les fl\u00e8ches gauche et droite de votre clavier.<\/span><\/span>[\/et_pb_text][et_pb_gallery gallery_ids=&#8221;222420,222421,222422,222423,222424,222425,222426,222427,221956,222428,222429,222430,222431,222432,222433,222434,222435,222436,222437,222438,222439,222440,222441,222442,222443,222444,222445,222446,222447,222448,222449,222450,222451,222452,222453,222454,222455,222456,222457,222458,222459,222460,222461,222462,222463,222464,222465,222466,222467,222468,222469,222470,222471,222472,222473,222475,222476,222477,222478,222474,222479,222480,222481,222482,222483,222484,222485,222486,222487,222488,222489,222490,222491,222492,222493,222494,222495,222496,222497,222498,222499,222500,222501,222502,222503,222504,222505,222506,222507,222508,222509,222510,222511,222512,222513,222514,222515,222516,222517,222518,222519,222520,222521,222522,222523&#8243; posts_number=&#8221;28&#8243; dbdb_version=&#8221;3.3.9&#8243; show_title_and_caption=&#8221;off&#8221; hover_icon=&#8221;%%51%%&#8221; hover_icon_tablet=&#8221;%%51%%&#8221; hover_icon_phone=&#8221;%%51%%&#8221; hover_icon_last_edited=&#8221;on|desktop&#8221; _builder_version=&#8221;4.1&#8243; title_font=&#8221;||||||||&#8221; title_font_size=&#8221;14px&#8221; caption_font_size=&#8221;12px&#8221; caption_line_height=&#8221;15px&#8221; pagination_font_size=&#8221;14px&#8221; min_height=&#8221;1535px&#8221; border_width_all=&#8221;3px&#8221; border_color_all=&#8221;#ffffff&#8221;][\/et_pb_gallery][\/et_pb_column][\/et_pb_row][\/et_pb_section]<\/p>\n","protected":false},"excerpt":{"rendered":"<p>Le voyage de 2016 Groupes A.F.A. &amp; AstroClub V\u00e9gaToutes les images ci dessous on \u00e9t\u00e9 r\u00e9alis\u00e9es\u00a0par les participants de ce voyage. Elles sont bien s\u00fbr publi\u00e9es avec leur aimable autorisation. En mode zoom vous pouvez naviguer avec les fl\u00e8ches gauche et droite de votre clavier.<\/p>\n","protected":false},"author":1,"featured_media":0,"parent":0,"menu_order":0,"comment_status":"closed","ping_status":"closed","template":"","meta":{"_et_pb_use_builder":"on","_et_pb_old_content":"","_et_gb_content_width":"","footnotes":""},"class_list":["post-223401","page","type-page","status-publish","hentry"],"aioseo_notices":[],"_links":{"self":[{"href":"https:\/\/planetachile.com\/es\/wp-json\/wp\/v2\/pages\/223401","targetHints":{"allow":["GET"]}}],"collection":[{"href":"https:\/\/planetachile.com\/es\/wp-json\/wp\/v2\/pages"}],"about":[{"href":"https:\/\/planetachile.com\/es\/wp-json\/wp\/v2\/types\/page"}],"author":[{"embeddable":true,"href":"https:\/\/planetachile.com\/es\/wp-json\/wp\/v2\/users\/1"}],"replies":[{"embeddable":true,"href":"https:\/\/planetachile.com\/es\/wp-json\/wp\/v2\/comments?post=223401"}],"version-history":[{"count":3,"href":"https:\/\/planetachile.com\/es\/wp-json\/wp\/v2\/pages\/223401\/revisions"}],"predecessor-version":[{"id":223404,"href":"https:\/\/planetachile.com\/es\/wp-json\/wp\/v2\/pages\/223401\/revisions\/223404"}],"wp:attachment":[{"href":"https:\/\/planetachile.com\/es\/wp-json\/wp\/v2\/media?parent=223401"}],"curies":[{"name":"wp","href":"https:\/\/api.w.org\/{rel}","templated":true}]}}