{"id":223382,"date":"2020-03-05T19:36:19","date_gmt":"2020-03-05T18:36:19","guid":{"rendered":"https:\/\/www.planetachile.com\/notre-equipe\/"},"modified":"2021-04-09T23:56:27","modified_gmt":"2021-04-09T21:56:27","slug":"nuestro-equipo","status":"publish","type":"page","link":"https:\/\/planetachile.com\/es\/nuestro-equipo\/","title":{"rendered":"Nuestro Equipo"},"content":{"rendered":"<p>[et_pb_section fb_built=&#8221;1&#8243; _builder_version=&#8221;4.1&#8243; background_image=&#8221;https:\/\/planetachile.com\/wp-content\/uploads\/2020\/03\/Volcans-Lagune-Altiplano-960&#215;639-1.jpg&#8221; background_last_edited=&#8221;on|phone&#8221; box_shadow_style=&#8221;preset3&#8243; box_shadow_vertical=&#8221;3px&#8221; box_shadow_blur=&#8221;10px&#8221; box_shadow_spread=&#8221;4px&#8221; box_shadow_vertical_tablet=&#8221;&#8221; box_shadow_vertical_phone=&#8221;&#8221; box_shadow_vertical_last_edited=&#8221;on|desktop&#8221;][et_pb_row _builder_version=&#8221;4.1&#8243; background_color_phone=&#8221;rgba(0,0,0,0)&#8221; background_last_edited=&#8221;on|phone&#8221; background_enable_color_phone=&#8221;on&#8221; custom_css_main_element_last_edited=&#8221;on|phone&#8221; custom_css_main_element_phone=&#8221;background: none !important;&#8221;][et_pb_column type=&#8221;4_4&#8243; _builder_version=&#8221;4.1&#8243;][et_pb_text _builder_version=&#8221;4.1&#8243; text_text_color=&#8221;#ffffff&#8221; header_font=&#8221;Open Sans|300|||||||&#8221; header_text_color=&#8221;#ffffff&#8221; header_font_size=&#8221;80px&#8221; custom_margin=&#8221;150px||150px||true|false&#8221; custom_margin_tablet=&#8221;100px||100px||true|false&#8221; custom_margin_phone=&#8221;50px||50px||true|false&#8221; custom_margin_last_edited=&#8221;on|tablet&#8221; header_font_size_tablet=&#8221;52px&#8221; header_font_size_phone=&#8221;40px&#8221; header_font_size_last_edited=&#8221;on|phone&#8221; background_last_edited=&#8221;on|desktop&#8221; background_enable_color_phone=&#8221;off&#8221; header_text_shadow_style=&#8221;preset2&#8243; header_text_shadow_horizontal_length=&#8221;-0.01em&#8221; header_text_shadow_vertical_length=&#8221;0.06em&#8221; header_text_shadow_blur_strength=&#8221;0.11em&#8221; header_text_shadow_color=&#8221;#000000&#8243;]<\/p>\n<h1 style=\"text-align: center;\">Nuestro Equipo<\/h1>\n<p>[\/et_pb_text][\/et_pb_column][\/et_pb_row][\/et_pb_section][et_pb_section fb_built=&#8221;1&#8243; _builder_version=&#8221;4.1&#8243;][et_pb_row _builder_version=&#8221;4.1&#8243;][et_pb_column type=&#8221;4_4&#8243; _builder_version=&#8221;4.1&#8243;][et_pb_text _builder_version=&#8221;4.1&#8243; text_font=&#8221;Caveat||||||||&#8221; text_text_color=&#8221;#001551&#8243; text_font_size=&#8221;43px&#8221; text_letter_spacing=&#8221;-1px&#8221; text_line_height=&#8221;44px&#8221; custom_margin_tablet=&#8221;&#8221; custom_margin_phone=&#8221;&#8221; custom_margin_last_edited=&#8221;on|phone&#8221; custom_padding=&#8221;||36px||false|false&#8221; custom_padding_tablet=&#8221;&#8221; custom_padding_phone=&#8221;|10px||10px|false|true&#8221; custom_padding_last_edited=&#8221;on|phone&#8221; text_text_color_tablet=&#8221;&#8221; text_text_color_phone=&#8221;&#8221; text_text_color_last_edited=&#8221;on|tablet&#8221; text_font_size_tablet=&#8221;31px&#8221; text_font_size_phone=&#8221;31px&#8221; text_font_size_last_edited=&#8221;on|desktop&#8221;]<\/p>\n<p>Somos un peque\u00f1o equipo de personas que durante 16 a\u00f1os hemos cultivado la pasi\u00f3n por hacer descubrir los tesoros del \u201cPlaneta Chile\u201d a nuestros clientes de tal manera que al irse queden con muchas ganas de volver.<\/p>\n<p>[\/et_pb_text][\/et_pb_column][\/et_pb_row][et_pb_row column_structure=&#8221;1_2,1_2&#8243; _builder_version=&#8221;4.1&#8243; custom_margin=&#8221;||60px||false|false&#8221; custom_margin_tablet=&#8221;&#8221; custom_margin_phone=&#8221;||||false|false&#8221; custom_margin_last_edited=&#8221;on|phone&#8221; custom_padding=&#8221;|10px||15px|false|false&#8221;][et_pb_column type=&#8221;1_2&#8243; _builder_version=&#8221;4.1&#8243;][et_pb_text _builder_version=&#8221;4.1&#8243; text_font=&#8221;Oswald||||||||&#8221; text_font_size=&#8221;28px&#8221; text_line_height=&#8221;1.5em&#8221; custom_margin=&#8221;||18px||false|false&#8221; custom_padding=&#8221;||0px||false|false&#8221;]<\/p>\n<p>VICENTE SOTA<\/p>\n<p>[\/et_pb_text][et_pb_text _builder_version=&#8221;4.1&#8243; header_font=&#8221;Oswald||||||||&#8221; animation_style=&#8221;fade&#8221;]<\/p>\n<div class=\"et_pb_blurb_description\">\n<p><img loading=\"lazy\" decoding=\"async\" class=\"wp-image-216364 alignnone size-full\" style=\"float: left; padding: 0 20px 10px 0;\" src=\"https:\/\/planetachile.com\/wp-content\/uploads\/2020\/03\/vsota.gif\" alt=\"\" width=\"219\" height=\"239\" \/><span style=\"font-size: 15px;\">Soy chileno por mis ra\u00edces y franc\u00e9s por mi vivencia. Crec\u00ed en Europa donde estudi\u00e9 historia, teatro e idiomas, y durante cinco a\u00f1os guie a turistas a trav\u00e9s de las rutas del whisky en Escocia, las de Goya en Espa\u00f1a y las del Danubio en Austria-Hungr\u00eda, hasta convertirme en un especialista en los tesoros de Par\u00eds, del Palacio de Versalles y de los castillos del Loira. Desde mi regreso a Chile he recorrido el pa\u00eds, primero acompa\u00f1ando la familia francesa que ven\u00eda a visitarnos, luego con amigos, y cada vez m\u00e1s seguido, con sus amigos y familiares. As\u00ed comenc\u00e9 -y a\u00fan sigo haci\u00e9ndolo- a descubrir y a seleccionar los lugares que me parecen m\u00e1s bellos e interesantes para compartir, as\u00ed como tambi\u00e9n a las personas y familias que les gusta acoger y atender a los afuerinos. Y as\u00ed ha sido que al volver a encantarme con mi pa\u00eds, hoy en d\u00eda, junto a mi pareja, mi hermano, mi suegro y mis amigos, hemos hecho de Planeta Chile una profesi\u00f3n y una pasi\u00f3n.<\/span><\/p>\n<\/div>\n<p>[\/et_pb_text][\/et_pb_column][et_pb_column type=&#8221;1_2&#8243; _builder_version=&#8221;4.1&#8243;][et_pb_text _builder_version=&#8221;4.1&#8243; text_font=&#8221;Oswald||||||||&#8221; text_font_size=&#8221;28px&#8221; text_line_height=&#8221;1.5em&#8221; custom_margin=&#8221;||18px||false|false&#8221; custom_padding=&#8221;||0px||false|false&#8221;]<\/p>\n<p>NATHALIE LECOMPTE<\/p>\n<p>[\/et_pb_text][et_pb_text _builder_version=&#8221;4.1&#8243; header_font=&#8221;Oswald||||||||&#8221; animation_style=&#8221;fade&#8221;]<\/p>\n<div class=\"et_pb_blurb_description\">\n<p><img loading=\"lazy\" decoding=\"async\" class=\"wp-image-216391 alignnone size-full\" style=\"float: left; padding: 0 20px 10px 0;\" src=\"https:\/\/planetachile.com\/wp-content\/uploads\/2020\/03\/nath-cuzco-copia.jpg\" alt=\"\" width=\"234\" height=\"232\" \/><span style=\"font-size: 15px;\">Soy francesa y madre de dos hijos con Vicente.\u00a0Empec\u00e9 a vivir con \u00e9l mientras estudiaba teatro y literatura mientras \u00e9l guiaba a turistas franceses por Europa.\u00a0Despu\u00e9s de vivir unos a\u00f1os en M\u00e9xico, nos mudamos a Chile, donde ense\u00f1o teatro y franc\u00e9s.\u00a0Me gusta viajar y sorprenderme con la variedad y riqueza de los incre\u00edbles paisajes de este pa\u00eds, as\u00ed como con la c\u00e1lida acogida que brindan muchas familias a las que les gusta recibir al extranjero como si fuera parte de la familia.\u00a0Ahora, colaborando con nuestra peque\u00f1a empresa familiar, me gusta compartir y difundir estos tesoros no solo con mi familia y amigos, sino tambi\u00e9n con todos aquellos que prefieren viajar al margen del turismo masivo<\/span><\/p>\n<\/div>\n<p>[\/et_pb_text][\/et_pb_column][\/et_pb_row][et_pb_row column_structure=&#8221;1_2,1_2&#8243; _builder_version=&#8221;4.1&#8243; custom_margin=&#8221;||60px||false|false&#8221; custom_margin_tablet=&#8221;&#8221; custom_margin_phone=&#8221;||||false|false&#8221; custom_margin_last_edited=&#8221;on|phone&#8221; custom_padding=&#8221;|10px||15px|false|false&#8221;][et_pb_column type=&#8221;1_2&#8243; _builder_version=&#8221;4.1&#8243;][et_pb_text _builder_version=&#8221;4.1&#8243; text_font=&#8221;Oswald||||||||&#8221; text_font_size=&#8221;28px&#8221; text_line_height=&#8221;1.5em&#8221; custom_margin=&#8221;||18px||false|false&#8221; custom_padding=&#8221;||0px||false|false&#8221;]<\/p>\n<p>VICKY STRUTHERS<\/p>\n<p>[\/et_pb_text][et_pb_text _builder_version=&#8221;4.1&#8243; header_font=&#8221;Oswald||||||||&#8221; animation_style=&#8221;fade&#8221;]<\/p>\n<div class=\"et_pb_blurb_description\">\n<p><img loading=\"lazy\" decoding=\"async\" class=\"wp-image-216399 alignnone size-full\" style=\"float: left; padding: 0 20px 10px 0;\" src=\"https:\/\/planetachile.com\/wp-content\/uploads\/2020\/03\/vicky-struthers.jpg\" alt=\"\" width=\"215\" height=\"244\" \/><span style=\"font-size: 15px;\">Anglo-chilena, crec\u00ed yendo y viniendo de Chile a Inglaterra, a veces con mi familia inglesa ya veces con la chilena.\u00a0Luego me mud\u00e9 a Zermatt, un pueblo de ensue\u00f1o y centro de deportes de invierno, al pie del Matterhorn, en los Alpes suizos.\u00a0Durante a\u00f1os, dirig\u00ed mi tienda de regalos, mientras disfrutaba del constante intercambio cultural con viajeros de todo el mundo.\u00a0Hoy, madre de 3 hijos y apasionada por la belleza de nuestro pa\u00eds, con el equipo de Planeta Chile hago lo que m\u00e1s me gusta: ofrecer una experiencia original a los viajeros que quieran descubrir el Chile aut\u00e9ntico fuera de los caminos trillados, as\u00ed como su naturaleza rebosante de paisajes ins\u00f3litos como nuestra cultura, hospitalidad, nuestros vinos, pescados y mariscos &#8230;<\/span><\/p>\n<\/div>\n<p>[\/et_pb_text][\/et_pb_column][et_pb_column type=&#8221;1_2&#8243; _builder_version=&#8221;4.1&#8243;][et_pb_text _builder_version=&#8221;4.1&#8243; text_font=&#8221;Oswald||||||||&#8221; text_font_size=&#8221;28px&#8221; text_line_height=&#8221;1.5em&#8221; custom_margin=&#8221;||18px||false|false&#8221; custom_padding=&#8221;0px||0px|0px|false|false&#8221;]<\/p>\n<p>YVES LECOMPTE<\/p>\n<p>[\/et_pb_text][et_pb_text _builder_version=&#8221;4.1&#8243; header_font=&#8221;Oswald||||||||&#8221; animation_style=&#8221;fade&#8221;]<\/p>\n<div class=\"et_pb_blurb_description\">\n<p><img loading=\"lazy\" decoding=\"async\" class=\"wp-image-216400 alignnone size-full\" style=\"float: left; padding: 0 20px 10px 0;\" src=\"https:\/\/planetachile.com\/wp-content\/uploads\/2020\/03\/ylecompte.gif\" alt=\"\" width=\"217\" height=\"236\" \/><span style=\"font-size: 15px;\">Soy un cirujano card\u00edaco franc\u00e9s bordeando ya los setenta a\u00f1os.\u00a0Al final de una carrera en la que, por gusto y necesidad, viaj\u00e9 mucho, me convenc\u00ed de que solo se puede descubrir un pa\u00eds a trav\u00e9s de la relaci\u00f3n con sus habitantes.\u00a0El consumidor exclusivo para turistas (\u00bfvoyeur?) siempre pierde el sentido.\u00a0Por eso decid\u00ed unirme a Vicente, un chileno impregnado de cultura francesa y a mi hija Nathalie, en esta empresa que tiene como raz\u00f3n de ser compartir una experiencia singular m\u00e1s que el consumo de un producto est\u00e1ndar<\/span><\/p>\n<\/div>\n<p>[\/et_pb_text][\/et_pb_column][\/et_pb_row][et_pb_row column_structure=&#8221;1_2,1_2&#8243; _builder_version=&#8221;4.1&#8243; custom_margin=&#8221;||60px||false|false&#8221; custom_margin_tablet=&#8221;&#8221; custom_margin_phone=&#8221;||||false|false&#8221; custom_margin_last_edited=&#8221;on|phone&#8221; custom_padding=&#8221;|10px||15px|false|false&#8221;][et_pb_column type=&#8221;1_2&#8243; _builder_version=&#8221;4.1&#8243;][et_pb_text _builder_version=&#8221;4.1&#8243; text_font=&#8221;Oswald||||||||&#8221; text_font_size=&#8221;28px&#8221; text_line_height=&#8221;1.5em&#8221; custom_margin=&#8221;||18px||false|false&#8221; custom_padding=&#8221;||0px||false|false&#8221;]<\/p>\n<p>JUAN SOTA<\/p>\n<p>[\/et_pb_text][et_pb_text _builder_version=&#8221;4.1&#8243; header_font=&#8221;Oswald||||||||&#8221; animation_style=&#8221;fade&#8221;]<\/p>\n<div class=\"et_pb_blurb_description\">\n<p><img loading=\"lazy\" decoding=\"async\" class=\"wp-image-216401 alignnone size-full\" style=\"float: left; padding: 0 20px 10px 0;\" src=\"https:\/\/planetachile.com\/wp-content\/uploads\/2020\/03\/jsota.gif\" alt=\"\" width=\"224\" height=\"258\" \/><span style=\"font-size: 15px;\">Despu\u00e9s de a\u00f1os de b\u00fasqueda en diferentes latitudes del globo, termin\u00e9 encontrando hace treinta y tantos a\u00f1os, mi pedacito de para\u00edso en San Pedro de Atacama, un oasis en el desierto m\u00e1s \u00e1rido del mundo donde llevo mi pasi\u00f3n por el turismo aut\u00e9ntico a vida.\u00a0Pionero en este campo, he trabajado all\u00ed continuamente desde ese momento, como gu\u00eda y due\u00f1o de varios proyectos tur\u00edsticos, antes de poner toda mi experiencia, junto a mis asociados, en el \u00e9xito de Planeta Chile y de nuestro Lodge (www.planetaatacama.com) que, como su nombre indica, tiene como objetivo abrazar este pa\u00eds y sus maravillas en toda su extensi\u00f3n. Estar\u00e9 encantado de ayudarte a organizar tu viaje, excursiones as\u00ed como acompa\u00f1arte en el descubrimiento de nuestro querido Planeta Chile.<\/span><\/p>\n<\/div>\n<p>[\/et_pb_text][\/et_pb_column][et_pb_column type=&#8221;1_2&#8243; _builder_version=&#8221;4.1&#8243;][\/et_pb_column][\/et_pb_row][et_pb_row _builder_version=&#8221;4.1&#8243; custom_margin=&#8221;||10px||false|false&#8221; custom_margin_tablet=&#8221;&#8221; custom_margin_phone=&#8221;||||false|false&#8221; custom_margin_last_edited=&#8221;on|phone&#8221; custom_padding=&#8221;|10px||15px|false|false&#8221;][et_pb_column type=&#8221;4_4&#8243; _builder_version=&#8221;4.1&#8243;][et_pb_text admin_label=&#8221;Texte&#8221; _builder_version=&#8221;4.1&#8243; text_font=&#8221;Oswald||||||||&#8221; text_font_size=&#8221;37px&#8221; text_line_height=&#8221;1.5em&#8221; header_text_align=&#8221;center&#8221; custom_margin=&#8221;||18px||false|false&#8221; custom_padding=&#8221;||0px||false|false&#8221; hover_enabled=&#8221;0&#8243; text_font_size_tablet=&#8221;&#8221; text_font_size_phone=&#8221;31px&#8221; text_font_size_last_edited=&#8221;on|phone&#8221; header_font_size_tablet=&#8221;&#8221; header_font_size_phone=&#8221;&#8221; header_font_size_last_edited=&#8221;on|desktop&#8221;]<\/p>\n<p>NUESTROS GU\u00cdAS ESPECIALISTAS<\/p>\n<p>[\/et_pb_text][\/et_pb_column][\/et_pb_row][et_pb_row column_structure=&#8221;1_2,1_2&#8243; _builder_version=&#8221;4.1&#8243; custom_margin=&#8221;||60px||false|false&#8221; custom_margin_tablet=&#8221;&#8221; custom_margin_phone=&#8221;||||false|false&#8221; custom_margin_last_edited=&#8221;on|phone&#8221; custom_padding=&#8221;|10px||15px|false|false&#8221;][et_pb_column type=&#8221;1_2&#8243; _builder_version=&#8221;4.1&#8243;][et_pb_text _builder_version=&#8221;4.1&#8243; text_font=&#8221;Oswald||||||||&#8221; text_font_size=&#8221;28px&#8221; text_line_height=&#8221;1.5em&#8221; custom_margin=&#8221;||18px||false|false&#8221; custom_padding=&#8221;||0px||false|false&#8221;]<\/p>\n<p>FABRICE SCHMITT<\/p>\n<p>[\/et_pb_text][et_pb_text _builder_version=&#8221;4.1&#8243; header_font=&#8221;Oswald||||||||&#8221; animation_style=&#8221;fade&#8221;]<\/p>\n<div class=\"et_pb_blurb_description\">\n<p><img loading=\"lazy\" decoding=\"async\" class=\"wp-image-216421 alignnone size-full\" style=\"float: left; padding: 0 20px 10px 0;\" src=\"https:\/\/planetachile.com\/wp-content\/uploads\/2020\/03\/fabrice.gif\" alt=\"\" width=\"187\" height=\"215\" \/>Apasionado de la ornitolog\u00eda desde hace m\u00e1s de 25 a\u00f1os, me enamor\u00e9 de las aves de Sudam\u00e9rica durante mi primer viaje a Per\u00fa en 1995. Desde ese viaje, he cruzado el continente, visitando casi todos los pa\u00edses, descubriendo su fauna, su flora, su gente&#8230;<br \/>\nDesde 2005 viv\u00ed en Santiago de Chile donde realic\u00e9 muchas actividades con la asociaci\u00f3n chilena para el estudio y protecci\u00f3n de aves\u00a0<a href=\"http:\/\/www.aveschile.cl\/\">AvesChile,\u00a0<\/a><span style=\"font-size: 15px;\">como la coordinaci\u00f3n de la base de datos de ornitolog\u00eda y tambi\u00e9n el listado de animaci\u00f3n de ObsChile. Fui fundador &amp; redactor jefe de la revista electr\u00f3nica\u00a0La Chiricoca<\/span><span style=\"font-size: 15px;\">\u00a0<\/span><span style=\"font-size: 15px;\"><a href=\"http:\/\/www.lachiricoca.cl\">www.lachiricoca.cl<\/a>\u00a0<\/span><span style=\"font-size: 15px;\">y colaboro con la Red de Observadores de Aves y Vida Silvestre de Chile <\/span><a style=\"font-size: 15px;\" href=\"http:\/\/www.redobservadores.cl\">www.redobservadores.cl\u00a0<\/a><\/p>\n<\/div>\n<div class=\"et_pb_blurb_description\">\n<p>En colaboraci\u00f3n con mi amigo chileno Rodrigo Barros, realizamos un estudio sobre el mandril \u201cchileno\u201d Doradita (Pseudocolopteryx flaviventris), cuyo objetivo fue precisar los requerimientos ecol\u00f3gicos de esta especie, as\u00ed como las caracter\u00edsticas de su biolog\u00eda (migraci\u00f3n, fidelidad al sitio de reproducci\u00f3n).\u00a0Gu\u00edo tours de observaci\u00f3n de aves en Per\u00fa, Colombia, Bolivia, Brasil, Argentina, Guyana y Chile.<\/p>\n<\/div>\n<p>[\/et_pb_text][\/et_pb_column][et_pb_column type=&#8221;1_2&#8243; _builder_version=&#8221;4.1&#8243;][et_pb_text _builder_version=&#8221;4.1&#8243; text_font=&#8221;Oswald||||||||&#8221; text_font_size=&#8221;28px&#8221; text_line_height=&#8221;1.5em&#8221; custom_margin=&#8221;||18px||false|false&#8221; custom_padding=&#8221;0px||0px|0px|false|false&#8221;]<\/p>\n<p>MIRIAM LAHSEN<\/p>\n<p>[\/et_pb_text][et_pb_text _builder_version=&#8221;4.1&#8243; header_font=&#8221;Oswald||||||||&#8221; animation_style=&#8221;fade&#8221;]<\/p>\n<div class=\"et_pb_blurb_description\">\n<p><img loading=\"lazy\" decoding=\"async\" class=\"wp-image-216422 alignnone size-full\" style=\"float: left; padding: 0 20px 10px 0;\" src=\"https:\/\/planetachile.com\/wp-content\/uploads\/2020\/03\/mlahsen.gif\" alt=\"\" width=\"197\" height=\"213\" \/><span style=\"font-size: 15px;\">Amo la poes\u00eda y la literatura como algo vivo, como un paisaje que evoluciona y cambia a trav\u00e9s de las estaciones.\u00a0Me encanta viajar y la poes\u00eda es un viaje intenso y fascinante al mundo de los autores y al m\u00edo, s\u00ed, la poes\u00eda ilumina mi percepci\u00f3n del mundo, de los dem\u00e1s y de m\u00ed misma.<\/span><\/p>\n<p>Actualmente dirijo talleres literarios.\u00a0Estoy convencida de que Chile no ha producido nada mejor que vino y poetas.\u00a0Neruda es mi pasi\u00f3n po\u00e9tica, doy clases sobre \u00e9l y su obra al mismo tiempo que acompa\u00f1o a los amantes de su poes\u00eda a visitar sus casas y sus caminos, tanto f\u00edsicos como po\u00e9ticos.\u00a0Tengo la oportunidad de trabajar compartiendo, con personas sensibles, ciertas dimensiones del amor y la existencia que solo las artes pueden ofrecer.<\/p>\n<\/div>\n<p>[\/et_pb_text][\/et_pb_column][\/et_pb_row][et_pb_row column_structure=&#8221;1_2,1_2&#8243; _builder_version=&#8221;4.1&#8243; custom_margin=&#8221;||60px||false|false&#8221; custom_margin_tablet=&#8221;&#8221; custom_margin_phone=&#8221;||||false|false&#8221; custom_margin_last_edited=&#8221;on|phone&#8221; custom_padding=&#8221;|10px||15px|false|false&#8221;][et_pb_column type=&#8221;1_2&#8243; _builder_version=&#8221;4.1&#8243;][et_pb_text _builder_version=&#8221;4.1&#8243; text_font=&#8221;Oswald||||||||&#8221; text_font_size=&#8221;28px&#8221; text_line_height=&#8221;1.5em&#8221; custom_margin=&#8221;||18px||false|false&#8221; custom_padding=&#8221;||0px||false|false&#8221;]<\/p>\n<p>PATRICIA ANGUITA<\/p>\n<p>[\/et_pb_text][et_pb_text _builder_version=&#8221;4.1&#8243; header_font=&#8221;Oswald||||||||&#8221; animation_style=&#8221;fade&#8221;]<\/p>\n<div class=\"et_pb_blurb_description\">\n<p><img loading=\"lazy\" decoding=\"async\" class=\"wp-image-216423 alignnone size-full\" style=\"float: left; padding: 0 20px 10px 0;\" src=\"https:\/\/planetachile.com\/wp-content\/uploads\/2020\/03\/panguita_ok.jpg\" alt=\"\" width=\"194\" height=\"223\" \/>Mi padre Ra\u00fal, uno de los fundadores de la estaci\u00f3n de esqu\u00ed La Parva, me leg\u00f3 su pasi\u00f3n incondicional por la monta\u00f1a y los deportes de invierno.\u00a0De adolescente defend\u00ed los colores del esqu\u00ed chileno en todo el mundo y luego estudi\u00e9 Pedagog\u00eda, Historia y Geograf\u00eda.\u00a0Despu\u00e9s de ense\u00f1ar esqu\u00ed en Francia y Estados Unidos, regres\u00e9 a mis Andes nativos.\u00a0Dirig\u00ed la escuela de esqu\u00ed La Parva durante 11 a\u00f1os y hoy, con dos hijos que compitieron en los \u00faltimos Juegos Ol\u00edmpicos de Invierno, sigo aprendiendo, convencido de que el esqu\u00ed y la monta\u00f1a son una escuela de vida que me enorgullece promover.<\/p>\n<\/div>\n<p>[\/et_pb_text][\/et_pb_column][et_pb_column type=&#8221;1_2&#8243; _builder_version=&#8221;4.1&#8243;][et_pb_text _builder_version=&#8221;4.1&#8243; text_font=&#8221;Oswald||||||||&#8221; text_font_size=&#8221;28px&#8221; text_line_height=&#8221;1.5em&#8221; custom_margin=&#8221;||18px||false|false&#8221; custom_padding=&#8221;0px||0px|0px|false|false&#8221;]<\/p>\n<p>ALEJANDRO MERCADER ABARCA<\/p>\n<p>[\/et_pb_text][et_pb_text _builder_version=&#8221;4.1&#8243; header_font=&#8221;Oswald||||||||&#8221; animation_style=&#8221;fade&#8221;]<\/p>\n<div class=\"et_pb_blurb_description\">\n<p><img loading=\"lazy\" decoding=\"async\" class=\"wp-image-216420 alignnone size-full\" style=\"float: left; padding: 0 20px 10px 0;\" src=\"https:\/\/planetachile.com\/wp-content\/uploads\/2020\/03\/alejandro.jpg\" alt=\"\" width=\"206\" height=\"217\" \/>Soy un &#8220;nortino&#8221; chileno, del desierto, obtuve una licenciatura en Estudios Tur\u00edsticos (Santiago) y una maestr\u00eda en &#8220;Sciences Po&#8221; (Par\u00eds), pero en la pr\u00e1ctica, soy creador y director de proyectos.\u00a0Comenc\u00e9 con mi peque\u00f1a agencia de turismo en Chile, luego me mud\u00e9 a Espa\u00f1a donde desarroll\u00e9 mi carrera como gu\u00eda europeo trabajando para tour operadores internacionales en Am\u00e9rica, \u00c1frica y Europa.\u00a0Me especialic\u00e9 en el desarrollo de productos tur\u00edsticos en rutas europeas y en la formaci\u00f3n de gu\u00edas y equipos log\u00edsticos.\u00a0Desde 2005 vivo con mi familia en Santiago, comprometido con mejorar la calidad del servicio y la atenci\u00f3n a los clientes.<\/p>\n<p>&nbsp;<\/p>\n<\/div>\n<p>[\/et_pb_text][\/et_pb_column][\/et_pb_row][et_pb_row column_structure=&#8221;1_2,1_2&#8243; _builder_version=&#8221;4.1&#8243; custom_margin=&#8221;||60px||false|false&#8221; custom_margin_tablet=&#8221;&#8221; custom_margin_phone=&#8221;||||false|false&#8221; custom_margin_last_edited=&#8221;on|phone&#8221; custom_padding=&#8221;|10px||15px|false|false&#8221;][et_pb_column type=&#8221;1_2&#8243; _builder_version=&#8221;4.1&#8243;][et_pb_text _builder_version=&#8221;4.1&#8243; text_font=&#8221;Oswald||||||||&#8221; text_font_size=&#8221;28px&#8221; text_line_height=&#8221;1.5em&#8221; custom_margin=&#8221;||18px||false|false&#8221; custom_padding=&#8221;||0px||false|false&#8221;]<\/p>\n<p>RUPERTO L\u00d3PEZ RODR\u00cdGUEZ<\/p>\n<p>[\/et_pb_text][et_pb_text _builder_version=&#8221;4.1&#8243; header_font=&#8221;Oswald||||||||&#8221; animation_style=&#8221;fade&#8221;]<\/p>\n<div class=\"et_pb_blurb_description\">\n<p><img loading=\"lazy\" decoding=\"async\" class=\"wp-image-216424 alignnone size-full\" style=\"float: left; padding: 0 20px 10px 0;\" src=\"https:\/\/planetachile.com\/wp-content\/uploads\/2020\/03\/ruperto.jpg\" alt=\"\" width=\"194\" height=\"225\" \/>Soy un espa\u00f1ol acerc\u00e1ndome a los 60, habiendo dedicado la mitad de mi vida al aprendizaje, a la pr\u00e1ctica de mi pasi\u00f3n por el turismo de calidad.\u00a0Comenc\u00e9 como animador y gu\u00eda en turismo social para personas mayores, posteriormente aprend\u00ed la profesi\u00f3n de gu\u00eda profesional especializado primero en Inglaterra y Francia luego en Am\u00e9rica hasta convertirme en Tour Leader en grandes giras europeas en ingl\u00e9s y portugu\u00e9s.\u00a0Luego de una d\u00e9cada, me mud\u00e9 a las Am\u00e9ricas, comprometi\u00e9ndome en coordinar equipos de gu\u00edas y choferes, servicios de gesti\u00f3n y el desarrollo de nuevas l\u00edneas, hasta que me enamor\u00e9 de una hermosa clienta chilena, hoy la madre de nuestros trillizos, nacida en Valpara\u00edso, donde hemos vivido durante varios a\u00f1os.<\/p>\n<\/div>\n<p>[\/et_pb_text][\/et_pb_column][et_pb_column type=&#8221;1_2&#8243; _builder_version=&#8221;4.1&#8243;][\/et_pb_column][\/et_pb_row][\/et_pb_section]<\/p>\n","protected":false},"excerpt":{"rendered":"<p>Nuestro Equipo Somos un peque\u00f1o equipo de personas que durante 16 a\u00f1os hemos cultivado la pasi\u00f3n por hacer descubrir los tesoros del \u201cPlaneta Chile\u201d a nuestros clientes de tal manera que al irse queden con muchas ganas de volver. VICENTE SOTA Soy chileno por mis ra\u00edces y franc\u00e9s por mi vivencia. Crec\u00ed en Europa donde [&hellip;]<\/p>\n","protected":false},"author":1,"featured_media":0,"parent":0,"menu_order":0,"comment_status":"closed","ping_status":"closed","template":"","meta":{"_et_pb_use_builder":"on","_et_pb_old_content":"","_et_gb_content_width":"","footnotes":""},"class_list":["post-223382","page","type-page","status-publish","hentry"],"aioseo_notices":[],"_links":{"self":[{"href":"https:\/\/planetachile.com\/es\/wp-json\/wp\/v2\/pages\/223382","targetHints":{"allow":["GET"]}}],"collection":[{"href":"https:\/\/planetachile.com\/es\/wp-json\/wp\/v2\/pages"}],"about":[{"href":"https:\/\/planetachile.com\/es\/wp-json\/wp\/v2\/types\/page"}],"author":[{"embeddable":true,"href":"https:\/\/planetachile.com\/es\/wp-json\/wp\/v2\/users\/1"}],"replies":[{"embeddable":true,"href":"https:\/\/planetachile.com\/es\/wp-json\/wp\/v2\/comments?post=223382"}],"version-history":[{"count":6,"href":"https:\/\/planetachile.com\/es\/wp-json\/wp\/v2\/pages\/223382\/revisions"}],"predecessor-version":[{"id":223390,"href":"https:\/\/planetachile.com\/es\/wp-json\/wp\/v2\/pages\/223382\/revisions\/223390"}],"wp:attachment":[{"href":"https:\/\/planetachile.com\/es\/wp-json\/wp\/v2\/media?parent=223382"}],"curies":[{"name":"wp","href":"https:\/\/api.w.org\/{rel}","templated":true}]}}